{"id":157,"date":"2025-01-17T11:08:20","date_gmt":"2025-01-17T10:08:20","guid":{"rendered":"http:\/\/wienerkammersymphonie.com\/chi-siamo\/"},"modified":"2025-09-14T16:39:50","modified_gmt":"2025-09-14T14:39:50","slug":"chi-siamo","status":"publish","type":"page","link":"http:\/\/wienerkammersymphonie.com\/it\/chi-siamo\/","title":{"rendered":"Chi siamo"},"content":{"rendered":"\t\t<div data-elementor-type=\"wp-page\" data-elementor-id=\"157\" class=\"elementor elementor-157 elementor-59\">\n\t\t\t\t<div class=\"elementor-element elementor-element-21e19f5 e-flex e-con-boxed e-con e-parent\" data-id=\"21e19f5\" data-element_type=\"container\">\n\t\t\t\t\t<div class=\"e-con-inner\">\n\t\t\t\t<div class=\"elementor-element elementor-element-423f68b elementor-widget elementor-widget-image\" data-id=\"423f68b\" data-element_type=\"widget\" data-widget_type=\"image.default\">\n\t\t\t\t<div class=\"elementor-widget-container\">\n\t\t\t\t\t\t\t\t\t\t\t\t\t\t\t<img fetchpriority=\"high\" decoding=\"async\" width=\"1024\" height=\"710\" src=\"http:\/\/wienerkammersymphonie.com\/wp-content\/uploads\/2025\/01\/slide-1024x710.jpg\" class=\"attachment-large size-large wp-image-116\" alt=\"\" srcset=\"http:\/\/wienerkammersymphonie.com\/wp-content\/uploads\/2025\/01\/slide-1024x710.jpg 1024w, http:\/\/wienerkammersymphonie.com\/wp-content\/uploads\/2025\/01\/slide-300x208.jpg 300w, http:\/\/wienerkammersymphonie.com\/wp-content\/uploads\/2025\/01\/slide-768x533.jpg 768w, http:\/\/wienerkammersymphonie.com\/wp-content\/uploads\/2025\/01\/slide-1536x1065.jpg 1536w, http:\/\/wienerkammersymphonie.com\/wp-content\/uploads\/2025\/01\/slide-2048x1420.jpg 2048w, http:\/\/wienerkammersymphonie.com\/wp-content\/uploads\/2025\/01\/slide-200x139.jpg 200w\" sizes=\"(max-width: 1024px) 100vw, 1024px\" \/>\t\t\t\t\t\t\t\t\t\t\t\t\t\t\t<\/div>\n\t\t\t\t<\/div>\n\t\t\t\t\t<\/div>\n\t\t\t\t<\/div>\n\t\t<div class=\"elementor-element elementor-element-0b1b5f0 e-flex e-con-boxed e-con e-parent\" data-id=\"0b1b5f0\" data-element_type=\"container\">\n\t\t\t\t\t<div class=\"e-con-inner\">\n\t\t\t\t<div class=\"elementor-element elementor-element-6055911 elementor-widget elementor-widget-heading\" data-id=\"6055911\" data-element_type=\"widget\" data-widget_type=\"heading.default\">\n\t\t\t\t<div class=\"elementor-widget-container\">\n\t\t\t\t\t<h2 class=\"elementor-heading-title elementor-size-default\">Chi siamo<\/h2>\t\t\t\t<\/div>\n\t\t\t\t<\/div>\n\t\t\t\t<div class=\"elementor-element elementor-element-f42a0e2 elementor-widget elementor-widget-text-editor\" data-id=\"f42a0e2\" data-element_type=\"widget\" data-widget_type=\"text-editor.default\">\n\t\t\t\t<div class=\"elementor-widget-container\">\n\t\t\t\t\t\t\t\t\t<p><strong>Wiener Kammersymphonie \u2013 Un\u2019orchestra in formato cameristico<\/strong><\/p><p>Immaginate un\u2019orchestra d\u2019archi in cui ogni sezione \u00e8 rappresentata da un solo musicista.<br \/>Questa \u00e8 la <strong>Wiener Kammersymphonie<\/strong>: un ensemble unico nel suo genere, capace di unire la ricchezza sonora di un\u2019orchestra con la precisione e l\u2019intensit\u00e0 della musica da camera.<\/p><p>Oltre a eseguire composizioni originali per quintetto d\u2019archi \u2013 come quelle di Anton\u00edn Dvo\u0159\u00e1k, George Onslow e Joseph Eybler\u00a0 ed altri\u2013 l\u2019ensemble si dedica da anni con passione all\u2019interpretazione di partiture sinfoniche e operistiche, adattate appositamente per questa formazione.<\/p><p><strong>Un progetto collettivo di eccellenza<\/strong><\/p><p>Con sede a Vienna, la Wiener Kammersymphonie \u00e8 composta da musicisti di altissimo livello, uniti da un obiettivo comune: fondere le esperienze artistiche individuali in un progetto musicale innovativo e coinvolgente.<\/p><p>L\u2019organizzazione dell\u2019ensemble si ispira alla struttura orchestrale, con un nucleo selezionato di musicisti che si alternano con continuit\u00e0 e flessibilit\u00e0 nell\u2019esecuzione di un repertorio ampio e variegato, dalla Wiener Klassik alla musica contemporanea.<\/p><p><strong>Presenza internazionale<\/strong><\/p><p>La Wiener Kammersymphonie si esibisce regolarmente in tutta Europa ed \u00e8 spesso invitata in tourn\u00e9e in Sud America, con concerti in Cile, Messico, Brasile, Colombia, Argentina, Uruguay e Per\u00f9.<\/p><p><strong>Un piccolo ensemble. Un grande suono.<\/strong><\/p><p>Scopri di pi\u00f9 sulla nostra storia, il repertorio e i prossimi concerti.<\/p><p><strong>Dicono di noi<\/strong><\/p><p>\u201c\u2026Il Quintetto d\u2019archi della Wiener Kammersymphonie, esecutori impareggiabili per intonazione, velluto timbrico e ironico spessore descrittivo\u2026\u201d<br \/><strong><em>(Giornale dell\u2019Umbria)<\/em><\/strong><\/p><p>\u201c\u2026La Wiener Kammersymphonie mostra la grandezza del Beethoven sinfonico\u2026 la cosiddetta quinta corda del contrabbasso ha dato all\u2019ensemble una profondit\u00e0 incommensurabile&#8230; suono ardente, in cui i musicisti sono al massimo delle loro capacit\u00e0\u2026\u201d<br \/><strong><em>(Jan-Willem van Ree, Direttore della Edesche Concertzaal)<\/em><\/strong><\/p><p><strong>Un quintetto speciale<\/strong><\/p><p>&#8230;Infine, i <em data-start=\"60\" data-end=\"75\">M\u00e4rchenbilder<\/em> (<em data-start=\"77\" data-end=\"96\">Immagini di fiabe<\/em>), di Erich Wolfgang Korngold (1897-1957), compositore ebreo-austriaco naturalizzato statunitense, che si afferm\u00f2 come compositore di colonne sonore per film di Hollywood (vinse due Oscar). La sua musica \u00e8 molto attraente, ricca di contrasti e di scoperte ritmiche e timbriche. L&#8217;Ensemble\u00a0 ha eseguito una versione splendida. Fuori programma, due opere intrise di profumo viennese: <em data-start=\"479\" data-end=\"491\">Liebesleid<\/em> di Fritz Kreisler, e l\u2019esultante polka <em data-start=\"551\" data-end=\"575\">Unter Donner und Blitz<\/em> , di Johann Strauss. Il pubblico, rapito, ha tributato meritatissime ovazioni agli eccellenti interpreti.<br data-start=\"706\" data-end=\"709\" \/><strong><em data-start=\"709\" data-end=\"741\">(El Mercurio, Santiago del Cile)<\/em><\/strong><\/p>\t\t\t\t\t\t\t\t<\/div>\n\t\t\t\t<\/div>\n\t\t\t\t\t<\/div>\n\t\t\t\t<\/div>\n\t\t\t\t<\/div>\n\t\t","protected":false},"excerpt":{"rendered":"<p>Chi siamo Wiener Kammersymphonie \u2013 Un\u2019orchestra in formato cameristico Immaginate un\u2019orchestra d\u2019archi in cui ogni sezione \u00e8 rappresentata da un [&hellip;]<\/p>\n","protected":false},"author":1,"featured_media":0,"parent":0,"menu_order":0,"comment_status":"closed","ping_status":"closed","template":"","meta":{"site-sidebar-layout":"no-sidebar","site-content-layout":"","ast-site-content-layout":"full-width-container","site-content-style":"default","site-sidebar-style":"default","ast-global-header-display":"","ast-banner-title-visibility":"","ast-main-header-display":"","ast-hfb-above-header-display":"","ast-hfb-below-header-display":"","ast-hfb-mobile-header-display":"","site-post-title":"disabled","ast-breadcrumbs-content":"","ast-featured-img":"disabled","footer-sml-layout":"","theme-transparent-header-meta":"","adv-header-id-meta":"","stick-header-meta":"","header-above-stick-meta":"","header-main-stick-meta":"","header-below-stick-meta":"","astra-migrate-meta-layouts":"default","ast-page-background-enabled":"default","ast-page-background-meta":{"desktop":{"background-color":"var(--ast-global-color-5)","background-image":"","background-repeat":"repeat","background-position":"center center","background-size":"auto","background-attachment":"scroll","background-type":"","background-media":"","overlay-type":"","overlay-color":"","overlay-opacity":"","overlay-gradient":""},"tablet":{"background-color":"","background-image":"","background-repeat":"repeat","background-position":"center center","background-size":"auto","background-attachment":"scroll","background-type":"","background-media":"","overlay-type":"","overlay-color":"","overlay-opacity":"","overlay-gradient":""},"mobile":{"background-color":"","background-image":"","background-repeat":"repeat","background-position":"center center","background-size":"auto","background-attachment":"scroll","background-type":"","background-media":"","overlay-type":"","overlay-color":"","overlay-opacity":"","overlay-gradient":""}},"ast-content-background-meta":{"desktop":{"background-color":"var(--ast-global-color-4)","background-image":"","background-repeat":"repeat","background-position":"center center","background-size":"auto","background-attachment":"scroll","background-type":"","background-media":"","overlay-type":"","overlay-color":"","overlay-opacity":"","overlay-gradient":""},"tablet":{"background-color":"var(--ast-global-color-4)","background-image":"","background-repeat":"repeat","background-position":"center center","background-size":"auto","background-attachment":"scroll","background-type":"","background-media":"","overlay-type":"","overlay-color":"","overlay-opacity":"","overlay-gradient":""},"mobile":{"background-color":"var(--ast-global-color-4)","background-image":"","background-repeat":"repeat","background-position":"center center","background-size":"auto","background-attachment":"scroll","background-type":"","background-media":"","overlay-type":"","overlay-color":"","overlay-opacity":"","overlay-gradient":""}},"footnotes":""},"class_list":["post-157","page","type-page","status-publish","hentry"],"yoast_head":"<!-- This site is optimized with the Yoast SEO plugin v24.7 - https:\/\/yoast.com\/wordpress\/plugins\/seo\/ -->\n<title>Chi siamo - Wienerkammersymphonie<\/title>\n<meta name=\"robots\" content=\"index, follow, max-snippet:-1, max-image-preview:large, max-video-preview:-1\" \/>\n<link rel=\"canonical\" href=\"http:\/\/wienerkammersymphonie.com\/it\/chi-siamo\/\" \/>\n<meta property=\"og:locale\" content=\"it_IT\" \/>\n<meta property=\"og:type\" content=\"article\" \/>\n<meta property=\"og:title\" content=\"Chi siamo - Wienerkammersymphonie\" \/>\n<meta property=\"og:description\" content=\"Chi siamo Wiener Kammersymphonie \u2013 Un\u2019orchestra in formato cameristico Immaginate un\u2019orchestra d\u2019archi in cui ogni sezione \u00e8 rappresentata da un [&hellip;]\" \/>\n<meta property=\"og:url\" content=\"http:\/\/wienerkammersymphonie.com\/it\/chi-siamo\/\" \/>\n<meta property=\"og:site_name\" content=\"Wienerkammersymphonie\" \/>\n<meta property=\"article:publisher\" content=\"https:\/\/www.facebook.com\/p\/Wiener-Kammersymphonie-100064063562217\/?locale=nn_NO\" \/>\n<meta property=\"article:modified_time\" content=\"2025-09-14T14:39:50+00:00\" \/>\n<meta property=\"og:image\" content=\"http:\/\/wienerkammersymphonie.com\/wp-content\/uploads\/2025\/01\/slide-1024x710.jpg\" \/>\n<meta name=\"twitter:card\" content=\"summary_large_image\" \/>\n<meta name=\"twitter:label1\" content=\"Tempo di lettura stimato\" \/>\n\t<meta name=\"twitter:data1\" content=\"3 minuti\" \/>\n<script type=\"application\/ld+json\" class=\"yoast-schema-graph\">{\"@context\":\"https:\/\/schema.org\",\"@graph\":[{\"@type\":\"WebPage\",\"@id\":\"http:\/\/wienerkammersymphonie.com\/it\/chi-siamo\/\",\"url\":\"http:\/\/wienerkammersymphonie.com\/it\/chi-siamo\/\",\"name\":\"Chi siamo - Wienerkammersymphonie\",\"isPartOf\":{\"@id\":\"http:\/\/wienerkammersymphonie.com\/it\/#website\"},\"primaryImageOfPage\":{\"@id\":\"http:\/\/wienerkammersymphonie.com\/it\/chi-siamo\/#primaryimage\"},\"image\":{\"@id\":\"http:\/\/wienerkammersymphonie.com\/it\/chi-siamo\/#primaryimage\"},\"thumbnailUrl\":\"http:\/\/wienerkammersymphonie.com\/wp-content\/uploads\/2025\/01\/slide-1024x710.jpg\",\"datePublished\":\"2025-01-17T10:08:20+00:00\",\"dateModified\":\"2025-09-14T14:39:50+00:00\",\"breadcrumb\":{\"@id\":\"http:\/\/wienerkammersymphonie.com\/it\/chi-siamo\/#breadcrumb\"},\"inLanguage\":\"it-IT\",\"potentialAction\":[{\"@type\":\"ReadAction\",\"target\":[\"http:\/\/wienerkammersymphonie.com\/it\/chi-siamo\/\"]}]},{\"@type\":\"ImageObject\",\"inLanguage\":\"it-IT\",\"@id\":\"http:\/\/wienerkammersymphonie.com\/it\/chi-siamo\/#primaryimage\",\"url\":\"http:\/\/wienerkammersymphonie.com\/wp-content\/uploads\/2025\/01\/slide-1024x710.jpg\",\"contentUrl\":\"http:\/\/wienerkammersymphonie.com\/wp-content\/uploads\/2025\/01\/slide-1024x710.jpg\"},{\"@type\":\"BreadcrumbList\",\"@id\":\"http:\/\/wienerkammersymphonie.com\/it\/chi-siamo\/#breadcrumb\",\"itemListElement\":[{\"@type\":\"ListItem\",\"position\":1,\"name\":\"Startseite\",\"item\":\"http:\/\/wienerkammersymphonie.com\/it\/\"},{\"@type\":\"ListItem\",\"position\":2,\"name\":\"Chi siamo\"}]},{\"@type\":\"WebSite\",\"@id\":\"http:\/\/wienerkammersymphonie.com\/it\/#website\",\"url\":\"http:\/\/wienerkammersymphonie.com\/it\/\",\"name\":\"Wienerkammersymphonie\",\"description\":\"\",\"publisher\":{\"@id\":\"http:\/\/wienerkammersymphonie.com\/it\/#organization\"},\"potentialAction\":[{\"@type\":\"SearchAction\",\"target\":{\"@type\":\"EntryPoint\",\"urlTemplate\":\"http:\/\/wienerkammersymphonie.com\/it\/?s={search_term_string}\"},\"query-input\":{\"@type\":\"PropertyValueSpecification\",\"valueRequired\":true,\"valueName\":\"search_term_string\"}}],\"inLanguage\":\"it-IT\"},{\"@type\":\"Organization\",\"@id\":\"http:\/\/wienerkammersymphonie.com\/it\/#organization\",\"name\":\"Wienerkammersymphonie\",\"url\":\"http:\/\/wienerkammersymphonie.com\/it\/\",\"logo\":{\"@type\":\"ImageObject\",\"inLanguage\":\"it-IT\",\"@id\":\"http:\/\/wienerkammersymphonie.com\/it\/#\/schema\/logo\/image\/\",\"url\":\"http:\/\/wienerkammersymphonie.com\/wp-content\/uploads\/2025\/01\/logo-1.png\",\"contentUrl\":\"http:\/\/wienerkammersymphonie.com\/wp-content\/uploads\/2025\/01\/logo-1.png\",\"width\":171,\"height\":97,\"caption\":\"Wienerkammersymphonie\"},\"image\":{\"@id\":\"http:\/\/wienerkammersymphonie.com\/it\/#\/schema\/logo\/image\/\"},\"sameAs\":[\"https:\/\/www.facebook.com\/p\/Wiener-Kammersymphonie-100064063562217\/?locale=nn_NO\",\"https:\/\/www.instagram.com\/wienerkammersymphonie\/?hl=de\"]}]}<\/script>\n<!-- \/ Yoast SEO plugin. -->","yoast_head_json":{"title":"Chi siamo - Wienerkammersymphonie","robots":{"index":"index","follow":"follow","max-snippet":"max-snippet:-1","max-image-preview":"max-image-preview:large","max-video-preview":"max-video-preview:-1"},"canonical":"http:\/\/wienerkammersymphonie.com\/it\/chi-siamo\/","og_locale":"it_IT","og_type":"article","og_title":"Chi siamo - Wienerkammersymphonie","og_description":"Chi siamo Wiener Kammersymphonie \u2013 Un\u2019orchestra in formato cameristico Immaginate un\u2019orchestra d\u2019archi in cui ogni sezione \u00e8 rappresentata da un [&hellip;]","og_url":"http:\/\/wienerkammersymphonie.com\/it\/chi-siamo\/","og_site_name":"Wienerkammersymphonie","article_publisher":"https:\/\/www.facebook.com\/p\/Wiener-Kammersymphonie-100064063562217\/?locale=nn_NO","article_modified_time":"2025-09-14T14:39:50+00:00","og_image":[{"url":"http:\/\/wienerkammersymphonie.com\/wp-content\/uploads\/2025\/01\/slide-1024x710.jpg","type":"","width":"","height":""}],"twitter_card":"summary_large_image","twitter_misc":{"Tempo di lettura stimato":"3 minuti"},"schema":{"@context":"https:\/\/schema.org","@graph":[{"@type":"WebPage","@id":"http:\/\/wienerkammersymphonie.com\/it\/chi-siamo\/","url":"http:\/\/wienerkammersymphonie.com\/it\/chi-siamo\/","name":"Chi siamo - Wienerkammersymphonie","isPartOf":{"@id":"http:\/\/wienerkammersymphonie.com\/it\/#website"},"primaryImageOfPage":{"@id":"http:\/\/wienerkammersymphonie.com\/it\/chi-siamo\/#primaryimage"},"image":{"@id":"http:\/\/wienerkammersymphonie.com\/it\/chi-siamo\/#primaryimage"},"thumbnailUrl":"http:\/\/wienerkammersymphonie.com\/wp-content\/uploads\/2025\/01\/slide-1024x710.jpg","datePublished":"2025-01-17T10:08:20+00:00","dateModified":"2025-09-14T14:39:50+00:00","breadcrumb":{"@id":"http:\/\/wienerkammersymphonie.com\/it\/chi-siamo\/#breadcrumb"},"inLanguage":"it-IT","potentialAction":[{"@type":"ReadAction","target":["http:\/\/wienerkammersymphonie.com\/it\/chi-siamo\/"]}]},{"@type":"ImageObject","inLanguage":"it-IT","@id":"http:\/\/wienerkammersymphonie.com\/it\/chi-siamo\/#primaryimage","url":"http:\/\/wienerkammersymphonie.com\/wp-content\/uploads\/2025\/01\/slide-1024x710.jpg","contentUrl":"http:\/\/wienerkammersymphonie.com\/wp-content\/uploads\/2025\/01\/slide-1024x710.jpg"},{"@type":"BreadcrumbList","@id":"http:\/\/wienerkammersymphonie.com\/it\/chi-siamo\/#breadcrumb","itemListElement":[{"@type":"ListItem","position":1,"name":"Startseite","item":"http:\/\/wienerkammersymphonie.com\/it\/"},{"@type":"ListItem","position":2,"name":"Chi siamo"}]},{"@type":"WebSite","@id":"http:\/\/wienerkammersymphonie.com\/it\/#website","url":"http:\/\/wienerkammersymphonie.com\/it\/","name":"Wienerkammersymphonie","description":"","publisher":{"@id":"http:\/\/wienerkammersymphonie.com\/it\/#organization"},"potentialAction":[{"@type":"SearchAction","target":{"@type":"EntryPoint","urlTemplate":"http:\/\/wienerkammersymphonie.com\/it\/?s={search_term_string}"},"query-input":{"@type":"PropertyValueSpecification","valueRequired":true,"valueName":"search_term_string"}}],"inLanguage":"it-IT"},{"@type":"Organization","@id":"http:\/\/wienerkammersymphonie.com\/it\/#organization","name":"Wienerkammersymphonie","url":"http:\/\/wienerkammersymphonie.com\/it\/","logo":{"@type":"ImageObject","inLanguage":"it-IT","@id":"http:\/\/wienerkammersymphonie.com\/it\/#\/schema\/logo\/image\/","url":"http:\/\/wienerkammersymphonie.com\/wp-content\/uploads\/2025\/01\/logo-1.png","contentUrl":"http:\/\/wienerkammersymphonie.com\/wp-content\/uploads\/2025\/01\/logo-1.png","width":171,"height":97,"caption":"Wienerkammersymphonie"},"image":{"@id":"http:\/\/wienerkammersymphonie.com\/it\/#\/schema\/logo\/image\/"},"sameAs":["https:\/\/www.facebook.com\/p\/Wiener-Kammersymphonie-100064063562217\/?locale=nn_NO","https:\/\/www.instagram.com\/wienerkammersymphonie\/?hl=de"]}]}},"_links":{"self":[{"href":"http:\/\/wienerkammersymphonie.com\/it\/wp-json\/wp\/v2\/pages\/157","targetHints":{"allow":["GET"]}}],"collection":[{"href":"http:\/\/wienerkammersymphonie.com\/it\/wp-json\/wp\/v2\/pages"}],"about":[{"href":"http:\/\/wienerkammersymphonie.com\/it\/wp-json\/wp\/v2\/types\/page"}],"author":[{"embeddable":true,"href":"http:\/\/wienerkammersymphonie.com\/it\/wp-json\/wp\/v2\/users\/1"}],"replies":[{"embeddable":true,"href":"http:\/\/wienerkammersymphonie.com\/it\/wp-json\/wp\/v2\/comments?post=157"}],"version-history":[{"count":12,"href":"http:\/\/wienerkammersymphonie.com\/it\/wp-json\/wp\/v2\/pages\/157\/revisions"}],"predecessor-version":[{"id":373,"href":"http:\/\/wienerkammersymphonie.com\/it\/wp-json\/wp\/v2\/pages\/157\/revisions\/373"}],"wp:attachment":[{"href":"http:\/\/wienerkammersymphonie.com\/it\/wp-json\/wp\/v2\/media?parent=157"}],"curies":[{"name":"wp","href":"https:\/\/api.w.org\/{rel}","templated":true}]}}