{"id":159,"date":"2025-01-17T11:08:20","date_gmt":"2025-01-17T10:08:20","guid":{"rendered":"http:\/\/wienerkammersymphonie.com\/sobre-nosotros\/"},"modified":"2025-09-14T19:41:16","modified_gmt":"2025-09-14T17:41:16","slug":"sobre-nosotros","status":"publish","type":"page","link":"http:\/\/wienerkammersymphonie.com\/es\/sobre-nosotros\/","title":{"rendered":"Sobre nosotros"},"content":{"rendered":"\t\t<div data-elementor-type=\"wp-page\" data-elementor-id=\"159\" class=\"elementor elementor-159 elementor-59\">\n\t\t\t\t<div class=\"elementor-element elementor-element-21e19f5 e-flex e-con-boxed e-con e-parent\" data-id=\"21e19f5\" data-element_type=\"container\">\n\t\t\t\t\t<div class=\"e-con-inner\">\n\t\t\t\t<div class=\"elementor-element elementor-element-423f68b elementor-widget elementor-widget-image\" data-id=\"423f68b\" data-element_type=\"widget\" data-widget_type=\"image.default\">\n\t\t\t\t<div class=\"elementor-widget-container\">\n\t\t\t\t\t\t\t\t\t\t\t\t\t\t\t<img fetchpriority=\"high\" decoding=\"async\" width=\"1024\" height=\"710\" src=\"http:\/\/wienerkammersymphonie.com\/wp-content\/uploads\/2025\/01\/slide-1024x710.jpg\" class=\"attachment-large size-large wp-image-117\" alt=\"\" srcset=\"http:\/\/wienerkammersymphonie.com\/wp-content\/uploads\/2025\/01\/slide-1024x710.jpg 1024w, http:\/\/wienerkammersymphonie.com\/wp-content\/uploads\/2025\/01\/slide-300x208.jpg 300w, http:\/\/wienerkammersymphonie.com\/wp-content\/uploads\/2025\/01\/slide-768x533.jpg 768w, http:\/\/wienerkammersymphonie.com\/wp-content\/uploads\/2025\/01\/slide-1536x1065.jpg 1536w, http:\/\/wienerkammersymphonie.com\/wp-content\/uploads\/2025\/01\/slide-2048x1420.jpg 2048w, http:\/\/wienerkammersymphonie.com\/wp-content\/uploads\/2025\/01\/slide-200x139.jpg 200w\" sizes=\"(max-width: 1024px) 100vw, 1024px\" \/>\t\t\t\t\t\t\t\t\t\t\t\t\t\t\t<\/div>\n\t\t\t\t<\/div>\n\t\t\t\t\t<\/div>\n\t\t\t\t<\/div>\n\t\t<div class=\"elementor-element elementor-element-0b1b5f0 e-flex e-con-boxed e-con e-parent\" data-id=\"0b1b5f0\" data-element_type=\"container\">\n\t\t\t\t\t<div class=\"e-con-inner\">\n\t\t\t\t<div class=\"elementor-element elementor-element-6055911 elementor-widget elementor-widget-heading\" data-id=\"6055911\" data-element_type=\"widget\" data-widget_type=\"heading.default\">\n\t\t\t\t<div class=\"elementor-widget-container\">\n\t\t\t\t\t<h2 class=\"elementor-heading-title elementor-size-default\">Sobre nosotros<\/h2>\t\t\t\t<\/div>\n\t\t\t\t<\/div>\n\t\t\t\t<div class=\"elementor-element elementor-element-f42a0e2 elementor-widget elementor-widget-text-editor\" data-id=\"f42a0e2\" data-element_type=\"widget\" data-widget_type=\"text-editor.default\">\n\t\t\t\t<div class=\"elementor-widget-container\">\n\t\t\t\t\t\t\t\t\t<p><strong>Wiener Kammersymphonie \u2013 Una orquesta en formato de m\u00fasica de c\u00e1mara<\/strong><\/p><p data-start=\"126\" data-end=\"394\">Imaginen una orquesta de cuerdas en la que cada secci\u00f3n est\u00e1 representada por un solo m\u00fasico.<br data-start=\"219\" data-end=\"222\" \/>Esta es la <strong data-start=\"233\" data-end=\"259\">Wiener Kammersymphonie<\/strong>: un ensemble \u00fanico en su g\u00e9nero, capaz de unir la riqueza sonora de una orquesta con la precisi\u00f3n e intensidad de la m\u00fasica de c\u00e1mara.<\/p><p data-start=\"396\" data-end=\"690\">Adem\u00e1s de interpretar composiciones originales para quinteto de cuerdas \u2013 como las de Anton\u00edn Dvo\u0159\u00e1k, George Onslow, Joseph Eybler y otros \u2013 el ensemble se dedica desde hace a\u00f1os con pasi\u00f3n a la interpretaci\u00f3n de partituras sinf\u00f3nicas y oper\u00edsticas, adaptadas especialmente para esta formaci\u00f3n.<\/p><p data-start=\"692\" data-end=\"731\"><strong data-start=\"692\" data-end=\"731\">Un proyecto colectivo de excelencia<\/strong><\/p><p data-start=\"733\" data-end=\"952\">Con sede en Viena, la <strong data-start=\"755\" data-end=\"781\">Wiener Kammersymphonie<\/strong> est\u00e1 formada por m\u00fasicos de alt\u00edsimo nivel, unidos por un objetivo com\u00fan: fusionar las experiencias art\u00edsticas individuales en un proyecto musical innovador y envolvente.<\/p><p data-start=\"954\" data-end=\"1212\">La organizaci\u00f3n del ensemble se inspira en la estructura orquestal, con un n\u00facleo seleccionado de m\u00fasicos que se alternan con continuidad y flexibilidad en la ejecuci\u00f3n de un repertorio amplio y variado, desde la Wiener Klassik hasta la m\u00fasica contempor\u00e1nea.<\/p><p data-start=\"1214\" data-end=\"1241\"><strong data-start=\"1214\" data-end=\"1241\">Presencia internacional<\/strong><\/p><p data-start=\"1243\" data-end=\"1443\">La <strong data-start=\"1246\" data-end=\"1272\">Wiener Kammersymphonie<\/strong> se presenta regularmente en toda Europa y es invitada frecuentemente a giras por Sudam\u00e9rica, con conciertos en Chile, M\u00e9xico, Brasil, Colombia, Argentina, Uruguay y Per\u00fa.<\/p><p data-start=\"1445\" data-end=\"1485\"><strong data-start=\"1445\" data-end=\"1485\">Un peque\u00f1o ensemble. Un gran sonido.<\/strong><\/p><p data-start=\"1487\" data-end=\"1557\">Descubra m\u00e1s sobre nuestra historia, repertorio y pr\u00f3ximos conciertos.<\/p><p data-start=\"1559\" data-end=\"1587\"><strong data-start=\"1559\" data-end=\"1587\">Lo que dicen de nosotros<\/strong><\/p><p data-start=\"1589\" data-end=\"1766\">\u201c\u2026El Quinteto de cuerdas de la Wiener Kammersymphonie, int\u00e9rpretes incomparables por su afinaci\u00f3n, terciopelo t\u00edmbrico y espesor ir\u00f3nico descriptivo\u2026\u201d<br data-start=\"1739\" data-end=\"1742\" \/>(<em data-start=\"1743\" data-end=\"1765\">Giornale dell\u2019Umbria<\/em>)<\/p><p data-start=\"1768\" data-end=\"2069\">\u201c\u2026La Wiener Kammersymphonie muestra la grandeza del Beethoven sinf\u00f3nico\u2026 la llamada quinta cuerda del contrabajo dio al ensemble una profundidad inconmensurable\u2026 un sonido ardiente, en el que los m\u00fasicos est\u00e1n al m\u00e1ximo de sus capacidades\u2026\u201d<br data-start=\"2008\" data-end=\"2011\" \/>(<em data-start=\"2012\" data-end=\"2068\">Jan-Willem van Ree, Director de la Edesche Concertzaal<\/em>)<\/p><p data-start=\"2071\" data-end=\"2095\"><strong data-start=\"2071\" data-end=\"2095\">\u00a0<\/strong><strong>Un quinteto especial<\/strong><\/p><p data-start=\"2097\" data-end=\"2756\">Finalmente, <em data-start=\"2109\" data-end=\"2124\">M\u00e4rchenbilder<\/em> (Im\u00e1genes de cuentos de hadas), de Erich Wolfgang Korngold (1897\u20131957), compositor austro-jud\u00edo nacionalizado estadounidense, quien se destac\u00f3 como compositor de bandas sonoras para pel\u00edculas de Hollywood (gan\u00f3 dos Oscar). Su m\u00fasica es muy atractiva, rica en contrastes y en descubrimientos r\u00edtmicos y t\u00edmbricos.<br data-start=\"2437\" data-end=\"2440\" \/>El ensemble interpret\u00f3 una versi\u00f3n espl\u00e9ndida.<br data-start=\"2486\" data-end=\"2489\" \/>Como extra, dos obras impregnadas del aroma vien\u00e9s: <em data-start=\"2541\" data-end=\"2553\">Liebesleid<\/em> de Fritz Kreisler y la entusiasta polka <em data-start=\"2594\" data-end=\"2618\">Unter Donner und Blitz<\/em> de Johann Strauss.<br data-start=\"2637\" data-end=\"2640\" \/>El p\u00fablico, cautivado, brind\u00f3 merecidas ovaciones a los excelentes int\u00e9rpretes.<br data-start=\"2719\" data-end=\"2722\" \/>(<em data-start=\"2723\" data-end=\"2755\">El Mercurio, Santiago de Chile<\/em>)<\/p>\t\t\t\t\t\t\t\t<\/div>\n\t\t\t\t<\/div>\n\t\t\t\t\t<\/div>\n\t\t\t\t<\/div>\n\t\t\t\t<\/div>\n\t\t","protected":false},"excerpt":{"rendered":"<p>Sobre nosotros Wiener Kammersymphonie \u2013 Una orquesta en formato de m\u00fasica de c\u00e1mara Imaginen una orquesta de cuerdas en la [&hellip;]<\/p>\n","protected":false},"author":1,"featured_media":0,"parent":0,"menu_order":0,"comment_status":"closed","ping_status":"closed","template":"","meta":{"site-sidebar-layout":"no-sidebar","site-content-layout":"","ast-site-content-layout":"full-width-container","site-content-style":"default","site-sidebar-style":"default","ast-global-header-display":"","ast-banner-title-visibility":"","ast-main-header-display":"","ast-hfb-above-header-display":"","ast-hfb-below-header-display":"","ast-hfb-mobile-header-display":"","site-post-title":"disabled","ast-breadcrumbs-content":"","ast-featured-img":"disabled","footer-sml-layout":"","theme-transparent-header-meta":"","adv-header-id-meta":"","stick-header-meta":"","header-above-stick-meta":"","header-main-stick-meta":"","header-below-stick-meta":"","astra-migrate-meta-layouts":"default","ast-page-background-enabled":"default","ast-page-background-meta":{"desktop":{"background-color":"var(--ast-global-color-5)","background-image":"","background-repeat":"repeat","background-position":"center center","background-size":"auto","background-attachment":"scroll","background-type":"","background-media":"","overlay-type":"","overlay-color":"","overlay-opacity":"","overlay-gradient":""},"tablet":{"background-color":"","background-image":"","background-repeat":"repeat","background-position":"center center","background-size":"auto","background-attachment":"scroll","background-type":"","background-media":"","overlay-type":"","overlay-color":"","overlay-opacity":"","overlay-gradient":""},"mobile":{"background-color":"","background-image":"","background-repeat":"repeat","background-position":"center center","background-size":"auto","background-attachment":"scroll","background-type":"","background-media":"","overlay-type":"","overlay-color":"","overlay-opacity":"","overlay-gradient":""}},"ast-content-background-meta":{"desktop":{"background-color":"var(--ast-global-color-4)","background-image":"","background-repeat":"repeat","background-position":"center center","background-size":"auto","background-attachment":"scroll","background-type":"","background-media":"","overlay-type":"","overlay-color":"","overlay-opacity":"","overlay-gradient":""},"tablet":{"background-color":"var(--ast-global-color-4)","background-image":"","background-repeat":"repeat","background-position":"center center","background-size":"auto","background-attachment":"scroll","background-type":"","background-media":"","overlay-type":"","overlay-color":"","overlay-opacity":"","overlay-gradient":""},"mobile":{"background-color":"var(--ast-global-color-4)","background-image":"","background-repeat":"repeat","background-position":"center center","background-size":"auto","background-attachment":"scroll","background-type":"","background-media":"","overlay-type":"","overlay-color":"","overlay-opacity":"","overlay-gradient":""}},"footnotes":""},"class_list":["post-159","page","type-page","status-publish","hentry"],"yoast_head":"<!-- This site is optimized with the Yoast SEO plugin v24.7 - https:\/\/yoast.com\/wordpress\/plugins\/seo\/ -->\n<title>Sobre nosotros - Wienerkammersymphonie<\/title>\n<meta name=\"robots\" content=\"index, follow, max-snippet:-1, max-image-preview:large, max-video-preview:-1\" \/>\n<link rel=\"canonical\" href=\"http:\/\/wienerkammersymphonie.com\/es\/sobre-nosotros\/\" \/>\n<meta property=\"og:locale\" content=\"es_ES\" \/>\n<meta property=\"og:type\" content=\"article\" \/>\n<meta property=\"og:title\" content=\"Sobre nosotros - Wienerkammersymphonie\" \/>\n<meta property=\"og:description\" content=\"Sobre nosotros Wiener Kammersymphonie \u2013 Una orquesta en formato de m\u00fasica de c\u00e1mara Imaginen una orquesta de cuerdas en la [&hellip;]\" \/>\n<meta property=\"og:url\" content=\"http:\/\/wienerkammersymphonie.com\/es\/sobre-nosotros\/\" \/>\n<meta property=\"og:site_name\" content=\"Wienerkammersymphonie\" \/>\n<meta property=\"article:publisher\" content=\"https:\/\/www.facebook.com\/p\/Wiener-Kammersymphonie-100064063562217\/?locale=nn_NO\" \/>\n<meta property=\"article:modified_time\" content=\"2025-09-14T17:41:16+00:00\" \/>\n<meta property=\"og:image\" content=\"http:\/\/wienerkammersymphonie.com\/wp-content\/uploads\/2025\/01\/slide-1024x710.jpg\" \/>\n<meta name=\"twitter:card\" content=\"summary_large_image\" \/>\n<meta name=\"twitter:label1\" content=\"Tiempo de lectura\" \/>\n\t<meta name=\"twitter:data1\" content=\"2 minutos\" \/>\n<script type=\"application\/ld+json\" class=\"yoast-schema-graph\">{\"@context\":\"https:\/\/schema.org\",\"@graph\":[{\"@type\":\"WebPage\",\"@id\":\"http:\/\/wienerkammersymphonie.com\/es\/sobre-nosotros\/\",\"url\":\"http:\/\/wienerkammersymphonie.com\/es\/sobre-nosotros\/\",\"name\":\"Sobre nosotros - Wienerkammersymphonie\",\"isPartOf\":{\"@id\":\"http:\/\/wienerkammersymphonie.com\/es\/#website\"},\"primaryImageOfPage\":{\"@id\":\"http:\/\/wienerkammersymphonie.com\/es\/sobre-nosotros\/#primaryimage\"},\"image\":{\"@id\":\"http:\/\/wienerkammersymphonie.com\/es\/sobre-nosotros\/#primaryimage\"},\"thumbnailUrl\":\"http:\/\/wienerkammersymphonie.com\/wp-content\/uploads\/2025\/01\/slide-1024x710.jpg\",\"datePublished\":\"2025-01-17T10:08:20+00:00\",\"dateModified\":\"2025-09-14T17:41:16+00:00\",\"breadcrumb\":{\"@id\":\"http:\/\/wienerkammersymphonie.com\/es\/sobre-nosotros\/#breadcrumb\"},\"inLanguage\":\"es\",\"potentialAction\":[{\"@type\":\"ReadAction\",\"target\":[\"http:\/\/wienerkammersymphonie.com\/es\/sobre-nosotros\/\"]}]},{\"@type\":\"ImageObject\",\"inLanguage\":\"es\",\"@id\":\"http:\/\/wienerkammersymphonie.com\/es\/sobre-nosotros\/#primaryimage\",\"url\":\"http:\/\/wienerkammersymphonie.com\/wp-content\/uploads\/2025\/01\/slide-1024x710.jpg\",\"contentUrl\":\"http:\/\/wienerkammersymphonie.com\/wp-content\/uploads\/2025\/01\/slide-1024x710.jpg\"},{\"@type\":\"BreadcrumbList\",\"@id\":\"http:\/\/wienerkammersymphonie.com\/es\/sobre-nosotros\/#breadcrumb\",\"itemListElement\":[{\"@type\":\"ListItem\",\"position\":1,\"name\":\"Startseite\",\"item\":\"http:\/\/wienerkammersymphonie.com\/es\/\"},{\"@type\":\"ListItem\",\"position\":2,\"name\":\"Sobre nosotros\"}]},{\"@type\":\"WebSite\",\"@id\":\"http:\/\/wienerkammersymphonie.com\/es\/#website\",\"url\":\"http:\/\/wienerkammersymphonie.com\/es\/\",\"name\":\"Wienerkammersymphonie\",\"description\":\"\",\"publisher\":{\"@id\":\"http:\/\/wienerkammersymphonie.com\/es\/#organization\"},\"potentialAction\":[{\"@type\":\"SearchAction\",\"target\":{\"@type\":\"EntryPoint\",\"urlTemplate\":\"http:\/\/wienerkammersymphonie.com\/es\/?s={search_term_string}\"},\"query-input\":{\"@type\":\"PropertyValueSpecification\",\"valueRequired\":true,\"valueName\":\"search_term_string\"}}],\"inLanguage\":\"es\"},{\"@type\":\"Organization\",\"@id\":\"http:\/\/wienerkammersymphonie.com\/es\/#organization\",\"name\":\"Wienerkammersymphonie\",\"url\":\"http:\/\/wienerkammersymphonie.com\/es\/\",\"logo\":{\"@type\":\"ImageObject\",\"inLanguage\":\"es\",\"@id\":\"http:\/\/wienerkammersymphonie.com\/es\/#\/schema\/logo\/image\/\",\"url\":\"http:\/\/wienerkammersymphonie.com\/wp-content\/uploads\/2025\/01\/logo-1.png\",\"contentUrl\":\"http:\/\/wienerkammersymphonie.com\/wp-content\/uploads\/2025\/01\/logo-1.png\",\"width\":171,\"height\":97,\"caption\":\"Wienerkammersymphonie\"},\"image\":{\"@id\":\"http:\/\/wienerkammersymphonie.com\/es\/#\/schema\/logo\/image\/\"},\"sameAs\":[\"https:\/\/www.facebook.com\/p\/Wiener-Kammersymphonie-100064063562217\/?locale=nn_NO\",\"https:\/\/www.instagram.com\/wienerkammersymphonie\/?hl=de\"]}]}<\/script>\n<!-- \/ Yoast SEO plugin. -->","yoast_head_json":{"title":"Sobre nosotros - Wienerkammersymphonie","robots":{"index":"index","follow":"follow","max-snippet":"max-snippet:-1","max-image-preview":"max-image-preview:large","max-video-preview":"max-video-preview:-1"},"canonical":"http:\/\/wienerkammersymphonie.com\/es\/sobre-nosotros\/","og_locale":"es_ES","og_type":"article","og_title":"Sobre nosotros - Wienerkammersymphonie","og_description":"Sobre nosotros Wiener Kammersymphonie \u2013 Una orquesta en formato de m\u00fasica de c\u00e1mara Imaginen una orquesta de cuerdas en la [&hellip;]","og_url":"http:\/\/wienerkammersymphonie.com\/es\/sobre-nosotros\/","og_site_name":"Wienerkammersymphonie","article_publisher":"https:\/\/www.facebook.com\/p\/Wiener-Kammersymphonie-100064063562217\/?locale=nn_NO","article_modified_time":"2025-09-14T17:41:16+00:00","og_image":[{"url":"http:\/\/wienerkammersymphonie.com\/wp-content\/uploads\/2025\/01\/slide-1024x710.jpg","type":"","width":"","height":""}],"twitter_card":"summary_large_image","twitter_misc":{"Tiempo de lectura":"2 minutos"},"schema":{"@context":"https:\/\/schema.org","@graph":[{"@type":"WebPage","@id":"http:\/\/wienerkammersymphonie.com\/es\/sobre-nosotros\/","url":"http:\/\/wienerkammersymphonie.com\/es\/sobre-nosotros\/","name":"Sobre nosotros - Wienerkammersymphonie","isPartOf":{"@id":"http:\/\/wienerkammersymphonie.com\/es\/#website"},"primaryImageOfPage":{"@id":"http:\/\/wienerkammersymphonie.com\/es\/sobre-nosotros\/#primaryimage"},"image":{"@id":"http:\/\/wienerkammersymphonie.com\/es\/sobre-nosotros\/#primaryimage"},"thumbnailUrl":"http:\/\/wienerkammersymphonie.com\/wp-content\/uploads\/2025\/01\/slide-1024x710.jpg","datePublished":"2025-01-17T10:08:20+00:00","dateModified":"2025-09-14T17:41:16+00:00","breadcrumb":{"@id":"http:\/\/wienerkammersymphonie.com\/es\/sobre-nosotros\/#breadcrumb"},"inLanguage":"es","potentialAction":[{"@type":"ReadAction","target":["http:\/\/wienerkammersymphonie.com\/es\/sobre-nosotros\/"]}]},{"@type":"ImageObject","inLanguage":"es","@id":"http:\/\/wienerkammersymphonie.com\/es\/sobre-nosotros\/#primaryimage","url":"http:\/\/wienerkammersymphonie.com\/wp-content\/uploads\/2025\/01\/slide-1024x710.jpg","contentUrl":"http:\/\/wienerkammersymphonie.com\/wp-content\/uploads\/2025\/01\/slide-1024x710.jpg"},{"@type":"BreadcrumbList","@id":"http:\/\/wienerkammersymphonie.com\/es\/sobre-nosotros\/#breadcrumb","itemListElement":[{"@type":"ListItem","position":1,"name":"Startseite","item":"http:\/\/wienerkammersymphonie.com\/es\/"},{"@type":"ListItem","position":2,"name":"Sobre nosotros"}]},{"@type":"WebSite","@id":"http:\/\/wienerkammersymphonie.com\/es\/#website","url":"http:\/\/wienerkammersymphonie.com\/es\/","name":"Wienerkammersymphonie","description":"","publisher":{"@id":"http:\/\/wienerkammersymphonie.com\/es\/#organization"},"potentialAction":[{"@type":"SearchAction","target":{"@type":"EntryPoint","urlTemplate":"http:\/\/wienerkammersymphonie.com\/es\/?s={search_term_string}"},"query-input":{"@type":"PropertyValueSpecification","valueRequired":true,"valueName":"search_term_string"}}],"inLanguage":"es"},{"@type":"Organization","@id":"http:\/\/wienerkammersymphonie.com\/es\/#organization","name":"Wienerkammersymphonie","url":"http:\/\/wienerkammersymphonie.com\/es\/","logo":{"@type":"ImageObject","inLanguage":"es","@id":"http:\/\/wienerkammersymphonie.com\/es\/#\/schema\/logo\/image\/","url":"http:\/\/wienerkammersymphonie.com\/wp-content\/uploads\/2025\/01\/logo-1.png","contentUrl":"http:\/\/wienerkammersymphonie.com\/wp-content\/uploads\/2025\/01\/logo-1.png","width":171,"height":97,"caption":"Wienerkammersymphonie"},"image":{"@id":"http:\/\/wienerkammersymphonie.com\/es\/#\/schema\/logo\/image\/"},"sameAs":["https:\/\/www.facebook.com\/p\/Wiener-Kammersymphonie-100064063562217\/?locale=nn_NO","https:\/\/www.instagram.com\/wienerkammersymphonie\/?hl=de"]}]}},"_links":{"self":[{"href":"http:\/\/wienerkammersymphonie.com\/es\/wp-json\/wp\/v2\/pages\/159","targetHints":{"allow":["GET"]}}],"collection":[{"href":"http:\/\/wienerkammersymphonie.com\/es\/wp-json\/wp\/v2\/pages"}],"about":[{"href":"http:\/\/wienerkammersymphonie.com\/es\/wp-json\/wp\/v2\/types\/page"}],"author":[{"embeddable":true,"href":"http:\/\/wienerkammersymphonie.com\/es\/wp-json\/wp\/v2\/users\/1"}],"replies":[{"embeddable":true,"href":"http:\/\/wienerkammersymphonie.com\/es\/wp-json\/wp\/v2\/comments?post=159"}],"version-history":[{"count":8,"href":"http:\/\/wienerkammersymphonie.com\/es\/wp-json\/wp\/v2\/pages\/159\/revisions"}],"predecessor-version":[{"id":387,"href":"http:\/\/wienerkammersymphonie.com\/es\/wp-json\/wp\/v2\/pages\/159\/revisions\/387"}],"wp:attachment":[{"href":"http:\/\/wienerkammersymphonie.com\/es\/wp-json\/wp\/v2\/media?parent=159"}],"curies":[{"name":"wp","href":"https:\/\/api.w.org\/{rel}","templated":true}]}}